{"id":1135,"date":"2011-09-21T13:25:28","date_gmt":"2011-09-21T11:25:28","guid":{"rendered":"http:\/\/nvgf.dk\/wordpress\/?page_id=1135"},"modified":"2026-04-06T23:21:54","modified_gmt":"2026-04-06T21:21:54","slug":"50-ar-og-10-minutter","status":"publish","type":"page","link":"https:\/\/nvgf.dk\/?page_id=1135","title":{"rendered":"50 \u00e5r og 10 minutter"},"content":{"rendered":"<table style=\"width: 100%; margin-left: 0%; margin-right: 0%; margin-top: 0em; border: 0px solid #add8e6;\" border=\"0\" frame=\"0\" cellspacing=\"5\" cellpadding=\"5\">\n<colgroup>\n<col style=\"width: 16.34%;\" \/>\n<col style=\"width: 16.33%;\" \/>\n<col style=\"width: 16.34%;\" \/>\n<col style=\"width: 16.34%;\" \/>\n<col style=\"width: 16.33%;\" \/>\n<col style=\"width: 16.34%;\" \/> <\/colgroup>\n<tbody>\n<tr valign=\"center\">\n<td style=\"border: 2px solid #800000; background-color: #fcce3f; text-align: center; font-family: verdana, geneva; font-size: 14pt; color: #800000;\" colspan=\"6\"><strong>50 \u00e5r og 10 minutter<\/strong><\/td>\n<\/tr>\n<tr valign=\"top\">\n<td style=\"text-align: center; border: 2px solid #ffffff;\" colspan=\"6\">\n<p style=\"text-align: justify;\">Fredag den 19. marts tidligt om morgenen troppede et par medarbejdere fra Vej &amp; Park op p\u00e5 legepladsen med motorsav og andet maskineri. Hvad de skulle? Jo, direkte forespurgt kunne den ene af dem forklare, at de skulle fjerne et risikomoment p\u00e5 legepladsen, det vel ca. 50 \u00e5r gamle mirabelle-tr\u00e6, som samlede alt for mange hvepse om sommeren. S\u00e5 i l\u00f8bet af 10 minutter var tr\u00e6et lagt ned for stedse. Kristian Pihl p\u00e5 L\u00e6rkevej 9 n\u00e5ede at forevige tr\u00e6ets endeligt (de tre \u00f8verste billeder), mens Carl-Otto fra nr. 13 n\u00e5ede at forevige de s\u00f8rgelige rester. Og s\u00e5 er der jo til allersidst det historiske billede, som stammer fra starten af januar 2010 efter et af vinterens f\u00f8rste st\u00f8rre snefald. Ja t\u00e6nk, nu er det rigtig historie &#8211; det er ikke bare sneen, der er v\u00e6k.<\/p>\n<\/td>\n<\/tr>\n<tr valign=\"top\">\n<td style=\"border-bottom: 2px solid #ffffff; text-align: center; line-height: 1.6;\" colspan=\"2\">\n<h6><a href=\"https:\/\/nvgf.dk\/wp-content\/uploads\/IMAG0063.jpg\"><img loading=\"lazy\" decoding=\"async\" class=\"aligncenter size-thumbnail wp-image-1136\" src=\"https:\/\/nvgf.dk\/wp-content\/uploads\/IMAG0063-150x89.jpg\" alt=\"\" width=\"150\" height=\"89\" srcset=\"https:\/\/nvgf.dk\/wp-content\/uploads\/IMAG0063-150x89.jpg 150w, https:\/\/nvgf.dk\/wp-content\/uploads\/IMAG0063-300x179.jpg 300w, https:\/\/nvgf.dk\/wp-content\/uploads\/IMAG0063-400x239.jpg 400w, https:\/\/nvgf.dk\/wp-content\/uploads\/IMAG0063.jpg 752w\" sizes=\"auto, (max-width: 150px) 100vw, 150px\" \/><\/a><\/h6>\n<\/td>\n<td style=\"border-bottom: 2px solid #ffffff; text-align: center; line-height: 1.6;\" colspan=\"2\">\n<h6><a href=\"https:\/\/nvgf.dk\/wp-content\/uploads\/IMAG0064.jpg\"><img loading=\"lazy\" decoding=\"async\" class=\"aligncenter size-thumbnail wp-image-1137\" src=\"https:\/\/nvgf.dk\/wp-content\/uploads\/IMAG0064-89x150.jpg\" alt=\"\" width=\"89\" height=\"150\" srcset=\"https:\/\/nvgf.dk\/wp-content\/uploads\/IMAG0064-89x150.jpg 89w, https:\/\/nvgf.dk\/wp-content\/uploads\/IMAG0064-179x300.jpg 179w, https:\/\/nvgf.dk\/wp-content\/uploads\/IMAG0064.jpg 400w\" sizes=\"auto, (max-width: 89px) 100vw, 89px\" \/><\/a><\/h6>\n<\/td>\n<td style=\"border-bottom: 2px solid #ffffff; text-align: center; line-height: 1.6;\" colspan=\"2\">\n<h6><a href=\"https:\/\/nvgf.dk\/wp-content\/uploads\/IMAG0069.jpg\"><img loading=\"lazy\" decoding=\"async\" class=\"aligncenter size-thumbnail wp-image-1138\" src=\"https:\/\/nvgf.dk\/wp-content\/uploads\/IMAG0069-150x89.jpg\" alt=\"\" width=\"150\" height=\"89\" srcset=\"https:\/\/nvgf.dk\/wp-content\/uploads\/IMAG0069-150x89.jpg 150w, https:\/\/nvgf.dk\/wp-content\/uploads\/IMAG0069-300x179.jpg 300w, https:\/\/nvgf.dk\/wp-content\/uploads\/IMAG0069-400x239.jpg 400w, https:\/\/nvgf.dk\/wp-content\/uploads\/IMAG0069.jpg 752w\" sizes=\"auto, (max-width: 150px) 100vw, 150px\" \/><\/a><\/h6>\n<\/td>\n<\/tr>\n<tr valign=\"top\">\n<td style=\"border-bottom: 2px solid #ffffff; text-align: center; line-height: 1.6;\" colspan=\"2\">\n<h6><a href=\"https:\/\/nvgf.dk\/wp-content\/uploads\/IMG_1174.jpg\"><img loading=\"lazy\" decoding=\"async\" class=\"aligncenter size-thumbnail wp-image-1140\" src=\"https:\/\/nvgf.dk\/wp-content\/uploads\/IMG_1174-150x112.jpg\" alt=\"\" width=\"150\" height=\"112\" srcset=\"https:\/\/nvgf.dk\/wp-content\/uploads\/IMG_1174-150x112.jpg 150w, https:\/\/nvgf.dk\/wp-content\/uploads\/IMG_1174-300x224.jpg 300w, https:\/\/nvgf.dk\/wp-content\/uploads\/IMG_1174-400x299.jpg 400w, https:\/\/nvgf.dk\/wp-content\/uploads\/IMG_1174.jpg 667w\" sizes=\"auto, (max-width: 150px) 100vw, 150px\" \/><\/a><br \/>\n<\/h6>\n<\/td>\n<td style=\"border-bottom: 2px solid #ffffff; text-align: center; line-height: 1.6;\" colspan=\"2\">\n<h6><a href=\"https:\/\/nvgf.dk\/wp-content\/uploads\/IMG_1175.jpg\"><img loading=\"lazy\" decoding=\"async\" class=\"aligncenter size-thumbnail wp-image-1141\" src=\"https:\/\/nvgf.dk\/wp-content\/uploads\/IMG_1175-150x112.jpg\" alt=\"\" width=\"150\" height=\"112\" srcset=\"https:\/\/nvgf.dk\/wp-content\/uploads\/IMG_1175-150x112.jpg 150w, https:\/\/nvgf.dk\/wp-content\/uploads\/IMG_1175-300x224.jpg 300w, https:\/\/nvgf.dk\/wp-content\/uploads\/IMG_1175-400x299.jpg 400w, https:\/\/nvgf.dk\/wp-content\/uploads\/IMG_1175.jpg 667w\" sizes=\"auto, (max-width: 150px) 100vw, 150px\" \/><\/a><\/h6>\n<\/td>\n<td style=\"border-bottom: 2px solid #ffffff; text-align: center; line-height: 1.6;\" colspan=\"2\">\n<h6><a href=\"https:\/\/nvgf.dk\/wp-content\/uploads\/IMG_0320.jpg\"><img loading=\"lazy\" decoding=\"async\" class=\"aligncenter size-thumbnail wp-image-1156\" src=\"https:\/\/nvgf.dk\/wp-content\/uploads\/IMG_0320-150x112.jpg\" alt=\"\" width=\"150\" height=\"112\" srcset=\"https:\/\/nvgf.dk\/wp-content\/uploads\/IMG_0320-150x112.jpg 150w, https:\/\/nvgf.dk\/wp-content\/uploads\/IMG_0320-300x224.jpg 300w, https:\/\/nvgf.dk\/wp-content\/uploads\/IMG_0320-400x299.jpg 400w, https:\/\/nvgf.dk\/wp-content\/uploads\/IMG_0320.jpg 667w\" sizes=\"auto, (max-width: 150px) 100vw, 150px\" \/><\/a><\/h6>\n<\/td>\n<\/tr>\n<\/tbody>\n<\/table>\n<p style=\"text-align: justify; font-size: 9pt;\"><em><a href=\"https:\/\/nvgf.dk\/?page_id=49\">Tilbage til Indholdsfortegnelsen<\/a><\/em><\/p>\n ","protected":false},"excerpt":{"rendered":"<p>50 \u00e5r og 10 minutter Fredag den 19. marts tidligt om morgenen troppede et par medarbejdere fra Vej &amp; Park op p\u00e5 legepladsen med motorsav og andet maskineri. Hvad de skulle? Jo, direkte forespurgt kunne den ene af dem forklare, &hellip; <a href=\"https:\/\/nvgf.dk\/?page_id=1135\">L\u00e6s resten <span class=\"meta-nav\">&rarr;<\/span><\/a><\/p>\n","protected":false},"author":1,"featured_media":0,"parent":49,"menu_order":32,"comment_status":"closed","ping_status":"closed","template":"","meta":{"footnotes":"","_wp_rev_ctl_limit":"1"},"class_list":["post-1135","page","type-page","status-publish","hentry"],"_links":{"self":[{"href":"https:\/\/nvgf.dk\/index.php?rest_route=\/wp\/v2\/pages\/1135","targetHints":{"allow":["GET"]}}],"collection":[{"href":"https:\/\/nvgf.dk\/index.php?rest_route=\/wp\/v2\/pages"}],"about":[{"href":"https:\/\/nvgf.dk\/index.php?rest_route=\/wp\/v2\/types\/page"}],"author":[{"embeddable":true,"href":"https:\/\/nvgf.dk\/index.php?rest_route=\/wp\/v2\/users\/1"}],"replies":[{"embeddable":true,"href":"https:\/\/nvgf.dk\/index.php?rest_route=%2Fwp%2Fv2%2Fcomments&post=1135"}],"version-history":[{"count":1,"href":"https:\/\/nvgf.dk\/index.php?rest_route=\/wp\/v2\/pages\/1135\/revisions"}],"predecessor-version":[{"id":9245,"href":"https:\/\/nvgf.dk\/index.php?rest_route=\/wp\/v2\/pages\/1135\/revisions\/9245"}],"up":[{"embeddable":true,"href":"https:\/\/nvgf.dk\/index.php?rest_route=\/wp\/v2\/pages\/49"}],"wp:attachment":[{"href":"https:\/\/nvgf.dk\/index.php?rest_route=%2Fwp%2Fv2%2Fmedia&parent=1135"}],"curies":[{"name":"wp","href":"https:\/\/api.w.org\/{rel}","templated":true}]}}