{"id":4217,"date":"2018-10-07T10:38:18","date_gmt":"2018-10-07T08:38:18","guid":{"rendered":"http:\/\/nvgf.dk\/wordpress\/?page_id=4217"},"modified":"2026-04-13T09:12:29","modified_gmt":"2026-04-13T07:12:29","slug":"svenskehusene-rejses","status":"publish","type":"page","link":"https:\/\/nvgf.dk\/?page_id=4217","title":{"rendered":"Svenskehusene rejses"},"content":{"rendered":"<table style=\"width: 100%; margin-left: 0%; margin-right: 0%; margin-top: 0em; border: #ADD8E6 0px solid;\" border=\"0\" frame=\"0\" cellspacing=\"5\" cellpadding=\"5\">\n<colgroup>\n<col style=\"width: 12.5%;\" \/>\n<col style=\"width: 12.5%;\" \/>\n<col style=\"width: 12.5%;\" \/>\n<col style=\"width: 12.5%;\" \/>\n<col style=\"width: 12.5%;\" \/>\n<col style=\"width: 12.5%;\" \/>\n<col style=\"width: 12.5%;\" \/>\n<col style=\"width: 12.5%;\" \/> <\/colgroup>\n<tbody>\n<tr valign=\"center\">\n<td style=\"border: #800000 1px solid; background-color: #fcce3f; text-align: center; font-family: verdana,geneva; font-size: 14pt; color: #800000;\" colspan=\"8\"><strong>Svenskehusene rejses<\/strong><\/td>\n<\/tr>\n<\/tbody>\n<\/table>\n<div style=\"text-align: justify; color: #000000; font-family: verdana,geneva; font-size: 10pt; margin-top: 3em;\">Herunder ses nogle billeder fra de dage, hvor svenskehusene i R\u00f8nne og Nex\u00f8 blev opf\u00f8rt. Billederne kan ikke blive st\u00f8rre, end de allerede er &#8211; det hj\u00e6lper derfor ikke at klikke p\u00e5 dem med musen.<\/div>\n<table style=\"width:100%;margin-left:0%;margin-right:0%; margin-top: 1em; border: #800000 0px solid;\" border=\"0\" frame=\"border\" cellspacing=\"0\" cellpadding=\"0\">\n<colgroup>\n<col style=\"width:33%;\"\/>\n<col style=\"width:34%;\"\/>\n<col style=\"width:33%;\"\/>\n<\/colgroup>\n<tbody>\n<tr valign=\"top\">\n<td colspan=\"3\" style=\"text-align: center; font-family: verdana,geneva; font-size: 8pt; color: #FFFFFF; border: 2px solid #FFFFFF;\"><\/td>\n<\/tr>\n<tr valign=\"top\">\n<td style=\"text-align: center; font-family: verdana,geneva; font-size: 8pt; border-bottom: 2px solid #FFFFFF;\"><img loading=\"lazy\" decoding=\"async\" src=\"https:\/\/nvgf.dk\/wp-content\/uploads\/2018\/10\/03.jpg\" alt=\"\" width=\"200\" height=\"156\" class=\"aligncenter size-full wp-image-4220\"\/><\/td>\n<td style=\"text-align: center; font-family: verdana,geneva; font-size: 8pt; border-bottom: 2px solid #FFFFFF;\"><img loading=\"lazy\" decoding=\"async\" src=\"https:\/\/nvgf.dk\/wp-content\/uploads\/2018\/10\/04.jpg\" alt=\"\" width=\"198\" height=\"152\" class=\"aligncenter size-full wp-image-4221\"\/><\/td>\n<td style=\"text-align: center; font-family: verdana,geneva; font-size: 8pt; border-bottom: 2px solid #FFFFFF;\"><img loading=\"lazy\" decoding=\"async\" src=\"https:\/\/nvgf.dk\/wp-content\/uploads\/2018\/10\/08.jpg\" alt=\"\" width=\"199\" height=\"155\" class=\"aligncenter size-full wp-image-4222\"\/><\/td>\n<\/tr>\n<tr valign=\"top\">\n<td style=\"text-align: center; font-family: verdana,geneva; font-size: 8pt; border-bottom: 2px solid #FFFFFF;\"><img loading=\"lazy\" decoding=\"async\" src=\"https:\/\/nvgf.dk\/wp-content\/uploads\/2018\/10\/09.jpg\" alt=\"\" width=\"198\" height=\"152\" class=\"aligncenter size-full wp-image-4223\"\/><\/td>\n<td style=\"text-align: center; font-family: verdana,geneva; font-size: 8pt; border-bottom: 2px solid #FFFFFF;\"><img loading=\"lazy\" decoding=\"async\" src=\"https:\/\/nvgf.dk\/wp-content\/uploads\/2018\/10\/11.jpg\" alt=\"\" width=\"200\" height=\"156\" class=\"aligncenter size-full wp-image-4224\"\/><\/td>\n<td style=\"text-align: center; font-family: verdana,geneva; font-size: 8pt; border-bottom: 2px solid #FFFFFF;\"><img loading=\"lazy\" decoding=\"async\" src=\"https:\/\/nvgf.dk\/wp-content\/uploads\/2018\/10\/12.jpg\" alt=\"\" width=\"199\" height=\"152\" class=\"aligncenter size-full wp-image-4225\"\/><\/td>\n<\/tr>\n<tr valign=\"top\">\n<td style=\"text-align: center; font-family: verdana,geneva; font-size: 8pt; border-bottom: 2px solid #FFFFFF;\"><img loading=\"lazy\" decoding=\"async\" src=\"https:\/\/nvgf.dk\/wp-content\/uploads\/2018\/10\/13.jpg\" alt=\"\" width=\"198\" height=\"154\" class=\"aligncenter size-full wp-image-4226\"\/><\/td>\n<td style=\"text-align: center; font-family: verdana,geneva; font-size: 8pt; border-bottom: 2px solid #FFFFFF;\"><img loading=\"lazy\" decoding=\"async\" src=\"https:\/\/nvgf.dk\/wp-content\/uploads\/2018\/10\/16.jpg\" alt=\"\" width=\"199\" height=\"152\" class=\"aligncenter size-full wp-image-4227\"\/><\/td>\n<td style=\"text-align: center; font-family: verdana,geneva; font-size: 8pt; border-bottom: 2px solid #FFFFFF;\"><img loading=\"lazy\" decoding=\"async\" src=\"https:\/\/nvgf.dk\/wp-content\/uploads\/2018\/10\/17.jpg\" alt=\"\" width=\"198\" height=\"153\" class=\"aligncenter size-full wp-image-4228\"\/><\/td>\n<\/tr>\n<tr valign=\"top\">\n<td colspan=\"3\" style=\"text-align: center; font-family: verdana,geneva; font-size: 8pt; border-bottom: 2px solid #FFFFFF;\"><img loading=\"lazy\" decoding=\"async\" src=\"https:\/\/nvgf.dk\/wp-content\/uploads\/2018\/10\/larkevej.jpg\" alt=\"\" width=\"412\" height=\"217\" class=\"aligncenter size-full wp-image-4229\" srcset=\"https:\/\/nvgf.dk\/wp-content\/uploads\/2018\/10\/larkevej.jpg 412w, https:\/\/nvgf.dk\/wp-content\/uploads\/2018\/10\/larkevej-200x105.jpg 200w, https:\/\/nvgf.dk\/wp-content\/uploads\/2018\/10\/larkevej-300x158.jpg 300w, https:\/\/nvgf.dk\/wp-content\/uploads\/2018\/10\/larkevej-400x211.jpg 400w\" sizes=\"auto, (max-width: 412px) 100vw, 412px\" \/><\/td>\n<\/tr>\n<\/tbody>\n<\/table>\n ","protected":false},"excerpt":{"rendered":"<p>Svenskehusene rejses Herunder ses nogle billeder fra de dage, hvor svenskehusene i R\u00f8nne og Nex\u00f8 blev opf\u00f8rt. Billederne kan ikke blive st\u00f8rre, end de allerede er &#8211; det hj\u00e6lper derfor ikke at klikke p\u00e5 dem med musen.<\/p>\n","protected":false},"author":1,"featured_media":0,"parent":49,"menu_order":41,"comment_status":"closed","ping_status":"open","template":"","meta":{"footnotes":"","_wp_rev_ctl_limit":"1"},"class_list":["post-4217","page","type-page","status-publish","hentry"],"_links":{"self":[{"href":"https:\/\/nvgf.dk\/index.php?rest_route=\/wp\/v2\/pages\/4217","targetHints":{"allow":["GET"]}}],"collection":[{"href":"https:\/\/nvgf.dk\/index.php?rest_route=\/wp\/v2\/pages"}],"about":[{"href":"https:\/\/nvgf.dk\/index.php?rest_route=\/wp\/v2\/types\/page"}],"author":[{"embeddable":true,"href":"https:\/\/nvgf.dk\/index.php?rest_route=\/wp\/v2\/users\/1"}],"replies":[{"embeddable":true,"href":"https:\/\/nvgf.dk\/index.php?rest_route=%2Fwp%2Fv2%2Fcomments&post=4217"}],"version-history":[{"count":1,"href":"https:\/\/nvgf.dk\/index.php?rest_route=\/wp\/v2\/pages\/4217\/revisions"}],"predecessor-version":[{"id":9775,"href":"https:\/\/nvgf.dk\/index.php?rest_route=\/wp\/v2\/pages\/4217\/revisions\/9775"}],"up":[{"embeddable":true,"href":"https:\/\/nvgf.dk\/index.php?rest_route=\/wp\/v2\/pages\/49"}],"wp:attachment":[{"href":"https:\/\/nvgf.dk\/index.php?rest_route=%2Fwp%2Fv2%2Fmedia&parent=4217"}],"curies":[{"name":"wp","href":"https:\/\/api.w.org\/{rel}","templated":true}]}}