{"id":5952,"date":"2020-03-21T09:39:15","date_gmt":"2020-03-21T08:39:15","guid":{"rendered":"http:\/\/nvgf.dk\/wordpress\/?page_id=5952"},"modified":"2026-03-31T15:38:53","modified_gmt":"2026-03-31T13:38:53","slug":"sne-i-maj","status":"publish","type":"page","link":"https:\/\/nvgf.dk\/?page_id=5952","title":{"rendered":"Sne i maj 2019???"},"content":{"rendered":"<table style=\"width: 100%; margin-left: 0%; margin-right: 0%; margin-top: 0em; border: #ADD8E6 0px solid;\" border=\"0\" frame=\"0\" cellspacing=\"5\" cellpadding=\"5\">\n<colgroup>\n<col style=\"width: 12.5%;\" \/>\n<col style=\"width: 12.5%;\" \/>\n<col style=\"width: 12.5%;\" \/>\n<col style=\"width: 12.5%;\" \/>\n<col style=\"width: 12.5%;\" \/>\n<col style=\"width: 12.5%;\" \/>\n<col style=\"width: 12.5%;\" \/>\n<col style=\"width: 12.5%;\" \/> <\/colgroup>\n<tbody>\n<tr valign=\"center\">\n<td style=\"border: #800000 1px solid; background-color: #fcce3f; text-align: center; font-family: verdana,geneva; font-size: 14pt; color: #800000;\" colspan=\"8\"><strong>Sne i maj 2019???<\/strong><\/td>\n<\/tr>\n<\/tbody>\n<\/table>\n<div style=\"text-align: justify; color: #000000; font-family: verdana,geneva; font-size: 10pt; margin-left: 15px; margin-right: 15px; margin-top: 2em; line-height: 1.6;\">Hvad var det dog, der skete i Nordskoven i begyndelsen af maj 2019 &#8211; sneede det?? N\u00e6h, ikke helt. Det kunne p\u00e5 afstand se ud, som om jorden var d\u00e6kket af de fineste lette hvide snefnug, men det var nu poplerne, der spredte deres fine fr\u00f8uld i en m\u00e6ngde, man sj\u00e6ldent ser. F\u00e6nomenet stod p\u00e5 i en lille uges tid, og folk, der kom gennem skoven, standsede op og kiggede undrende p\u00e5 f\u00e6nomenet.<\/div>\n<div style=\"text-align: justify; color: #000000; font-family: verdana,geneva; font-size: 10pt; margin-left: 15px; margin-right: 15px; margin-top: 1em; line-height: 1.6;\">Billederne herunder er taget af webmaster p\u00e5 en Huawei P10 mobiltelefon.<\/div>\n<p>\u200b<\/p>\n<table style=\"width: 100%; margin-left: 0%; margin-right: 0%; margin-top: 2em; border: #e30606 0px solid;\" border=\"0\" frame=\"border\" cellspacing=\"0\" cellpadding=\"0\">\n<colgroup>\n<col style=\"width: 33%;\"\/>\n<col style=\"width: 34%;\"\/>\n<col style=\"width: 33%;\"\/> <\/colgroup>\n<tbody>\n<tr valign=\"top\">\n<td style=\"text-align: center; font-family: verdana, geneva; font-size: 8pt; border: 2px solid #ffffff;\"><a href=\"https:\/\/nvgf.dk\/wp-content\/uploads\/2020\/03\/FB_IMG_1576182988005.jpg\"><img loading=\"lazy\" decoding=\"async\" class=\"aligncenter size-thumbnail wp-image-5953\" src=\"https:\/\/nvgf.dk\/wp-content\/uploads\/2020\/03\/FB_IMG_1576182988005-128x170.jpg\" alt=\"\" width=\"128\" height=\"170\" srcset=\"https:\/\/nvgf.dk\/wp-content\/uploads\/2020\/03\/FB_IMG_1576182988005-128x170.jpg 128w, https:\/\/nvgf.dk\/wp-content\/uploads\/2020\/03\/FB_IMG_1576182988005-225x300.jpg 225w, https:\/\/nvgf.dk\/wp-content\/uploads\/2020\/03\/FB_IMG_1576182988005.jpg 720w\" sizes=\"auto, (max-width: 128px) 100vw, 128px\" \/><\/a><\/td>\n<td style=\"text-align: center; font-family: verdana, geneva; font-size: 8pt; border: 2px solid #ffffff;\"><a href=\"https:\/\/nvgf.dk\/wp-content\/uploads\/2020\/03\/FB_IMG_1576182995921.jpg\"><img loading=\"lazy\" decoding=\"async\" class=\"aligncenter size-thumbnail wp-image-5954\" src=\"https:\/\/nvgf.dk\/wp-content\/uploads\/2020\/03\/FB_IMG_1576182995921-128x170.jpg\" alt=\"\" width=\"128\" height=\"170\" srcset=\"https:\/\/nvgf.dk\/wp-content\/uploads\/2020\/03\/FB_IMG_1576182995921-128x170.jpg 128w, https:\/\/nvgf.dk\/wp-content\/uploads\/2020\/03\/FB_IMG_1576182995921-225x300.jpg 225w, https:\/\/nvgf.dk\/wp-content\/uploads\/2020\/03\/FB_IMG_1576182995921.jpg 720w\" sizes=\"auto, (max-width: 128px) 100vw, 128px\" \/><\/a><\/td>\n<td style=\"text-align: center; font-family: verdana, geneva; font-size: 8pt; border: 2px solid #ffffff;\"><a href=\"https:\/\/nvgf.dk\/wp-content\/uploads\/2020\/03\/FB_IMG_1576183005259.jpg\"><img loading=\"lazy\" decoding=\"async\" class=\"aligncenter size-thumbnail wp-image-5955\" src=\"https:\/\/nvgf.dk\/wp-content\/uploads\/2020\/03\/FB_IMG_1576183005259-128x170.jpg\" alt=\"\" width=\"128\" height=\"170\" srcset=\"https:\/\/nvgf.dk\/wp-content\/uploads\/2020\/03\/FB_IMG_1576183005259-128x170.jpg 128w, https:\/\/nvgf.dk\/wp-content\/uploads\/2020\/03\/FB_IMG_1576183005259-225x300.jpg 225w, https:\/\/nvgf.dk\/wp-content\/uploads\/2020\/03\/FB_IMG_1576183005259.jpg 720w\" sizes=\"auto, (max-width: 128px) 100vw, 128px\" \/><\/a><\/td>\n<\/tr>\n<\/tbody>\n<\/table>\n<p style=\"text-align: justify; font-size: 9pt;\"><em><a href=\"https:\/\/nvgf.dk\/?page_id=49\">Tilbage til Indholdsfortegnelsen<\/a><\/em><\/p>\n ","protected":false},"excerpt":{"rendered":"<p>Sne i maj 2019??? Hvad var det dog, der skete i Nordskoven i begyndelsen af maj 2019 &#8211; sneede det?? N\u00e6h, ikke helt. Det kunne p\u00e5 afstand se ud, som om jorden var d\u00e6kket af de fineste lette hvide snefnug, &hellip; <a href=\"https:\/\/nvgf.dk\/?page_id=5952\">L\u00e6s resten <span class=\"meta-nav\">&rarr;<\/span><\/a><\/p>\n","protected":false},"author":2,"featured_media":0,"parent":49,"menu_order":10,"comment_status":"closed","ping_status":"closed","template":"","meta":{"footnotes":"","_wp_rev_ctl_limit":"1"},"class_list":["post-5952","page","type-page","status-publish","hentry"],"_links":{"self":[{"href":"https:\/\/nvgf.dk\/index.php?rest_route=\/wp\/v2\/pages\/5952","targetHints":{"allow":["GET"]}}],"collection":[{"href":"https:\/\/nvgf.dk\/index.php?rest_route=\/wp\/v2\/pages"}],"about":[{"href":"https:\/\/nvgf.dk\/index.php?rest_route=\/wp\/v2\/types\/page"}],"author":[{"embeddable":true,"href":"https:\/\/nvgf.dk\/index.php?rest_route=\/wp\/v2\/users\/2"}],"replies":[{"embeddable":true,"href":"https:\/\/nvgf.dk\/index.php?rest_route=%2Fwp%2Fv2%2Fcomments&post=5952"}],"version-history":[{"count":1,"href":"https:\/\/nvgf.dk\/index.php?rest_route=\/wp\/v2\/pages\/5952\/revisions"}],"predecessor-version":[{"id":8696,"href":"https:\/\/nvgf.dk\/index.php?rest_route=\/wp\/v2\/pages\/5952\/revisions\/8696"}],"up":[{"embeddable":true,"href":"https:\/\/nvgf.dk\/index.php?rest_route=\/wp\/v2\/pages\/49"}],"wp:attachment":[{"href":"https:\/\/nvgf.dk\/index.php?rest_route=%2Fwp%2Fv2%2Fmedia&parent=5952"}],"curies":[{"name":"wp","href":"https:\/\/api.w.org\/{rel}","templated":true}]}}