{"id":5980,"date":"2020-03-21T15:42:51","date_gmt":"2020-03-21T14:42:51","guid":{"rendered":"http:\/\/nvgf.dk\/wordpress\/?page_id=5980"},"modified":"2026-03-31T15:41:21","modified_gmt":"2026-03-31T13:41:21","slug":"hvid-paaske-2018","status":"publish","type":"page","link":"https:\/\/nvgf.dk\/?page_id=5980","title":{"rendered":"Hvid p\u00e5ske 2018"},"content":{"rendered":"<table style=\"width: 100%; margin-left: 0%; margin-right: 0%; margin-top: 0em; border: #ADD8E6 0px solid;\" border=\"0\" frame=\"0\" cellspacing=\"5\" cellpadding=\"5\">\n<colgroup>\n<col style=\"width: 12.5%;\" \/>\n<col style=\"width: 12.5%;\" \/>\n<col style=\"width: 12.5%;\" \/>\n<col style=\"width: 12.5%;\" \/>\n<col style=\"width: 12.5%;\" \/>\n<col style=\"width: 12.5%;\" \/>\n<col style=\"width: 12.5%;\" \/>\n<col style=\"width: 12.5%;\" \/> <\/colgroup>\n<tbody>\n<tr valign=\"center\">\n<td style=\"border: #800000 1px solid; background-color: #fcce3f; text-align: center; font-family: verdana,geneva; font-size: 14pt; color: #800000;\" colspan=\"8\"><strong>Hvid p\u00e5ske 2018<\/strong><\/td>\n<\/tr>\n<\/tbody>\n<\/table>\n<div style=\"text-align: justify; color: #000000; font-family: verdana,geneva; font-size: 10pt; margin-left: 15px; margin-right: 15px; margin-top: 2em; line-height: 1.6;\">Der kunne v\u00e6re tale om en aprilsnar, men sneen var nu \u00e6gte nok, da den v\u00e6ltede ned p\u00e5skedag d. 1. april 2018. Sneen lagde sig i et p\u00e6nt lag fra det t\u00e6tte skyd\u00e6kke, som fik dagen til at minde om de m\u00f8rkeste og meget kortere dage omkring juletid.<\/div>\n<div style=\"text-align: justify; color: #000000; font-family: verdana,geneva; font-size: 10pt; margin-left: 15px; margin-right: 15px; margin-top: 1em; line-height: 1.6;\">Anden p\u00e5skedag l\u00e5 sneen der stadig, men i det solrige og klare vejr tog sceneriet sig ganske anderledes ud end dagen f\u00f8r.<\/div>\n<p>\u200b<\/p>\n<table style=\"width: 100%; margin-left: 0%; margin-right: 0%; margin-top: 2em; border: #e30606 0px solid;\" border=\"0\" frame=\"border\" cellspacing=\"0\" cellpadding=\"0\">\n<colgroup>\n<col style=\"width: 33%;\"\/>\n<col style=\"width: 34%;\"\/>\n<col style=\"width: 33%;\"\/> <\/colgroup>\n<tbody>\n<tr valign=\"top\">\n<td style=\"text-align: center; font-family: verdana, geneva; font-size: 8pt; border: 2px solid #ffffff;\"><a href=\"https:\/\/nvgf.dk\/wp-content\/uploads\/2020\/03\/DSC_2030-web.jpg\"><img loading=\"lazy\" decoding=\"async\" class=\"aligncenter size-thumbnail wp-image-5981\" src=\"https:\/\/nvgf.dk\/wp-content\/uploads\/2020\/03\/DSC_2030-web-170x113.jpg\" alt=\"\" width=\"170\" height=\"113\" srcset=\"https:\/\/nvgf.dk\/wp-content\/uploads\/2020\/03\/DSC_2030-web-170x113.jpg 170w, https:\/\/nvgf.dk\/wp-content\/uploads\/2020\/03\/DSC_2030-web-300x200.jpg 300w, https:\/\/nvgf.dk\/wp-content\/uploads\/2020\/03\/DSC_2030-web-768x512.jpg 768w, https:\/\/nvgf.dk\/wp-content\/uploads\/2020\/03\/DSC_2030-web.jpg 900w\" sizes=\"auto, (max-width: 170px) 100vw, 170px\" \/><\/a>01.04.2018: L\u00e6rkevej.<\/td>\n<td style=\"text-align: center; font-family: verdana, geneva; font-size: 8pt; border: 2px solid #ffffff;\"><a href=\"https:\/\/nvgf.dk\/wp-content\/uploads\/2020\/03\/DSC_2031-web.jpg\"><img loading=\"lazy\" decoding=\"async\" class=\"aligncenter size-thumbnail wp-image-5982\" src=\"https:\/\/nvgf.dk\/wp-content\/uploads\/2020\/03\/DSC_2031-web-170x113.jpg\" alt=\"\" width=\"170\" height=\"113\" srcset=\"https:\/\/nvgf.dk\/wp-content\/uploads\/2020\/03\/DSC_2031-web-170x113.jpg 170w, https:\/\/nvgf.dk\/wp-content\/uploads\/2020\/03\/DSC_2031-web-300x200.jpg 300w, https:\/\/nvgf.dk\/wp-content\/uploads\/2020\/03\/DSC_2031-web-768x512.jpg 768w, https:\/\/nvgf.dk\/wp-content\/uploads\/2020\/03\/DSC_2031-web.jpg 900w\" sizes=\"auto, (max-width: 170px) 100vw, 170px\" \/><\/a>01.04.2018: L\u00e6rkevej.<\/td>\n<td style=\"text-align: center; font-family: verdana, geneva; font-size: 8pt; border: 2px solid #ffffff;\"><a href=\"https:\/\/nvgf.dk\/wp-content\/uploads\/2020\/03\/DSC_2032-web.jpg\"><img loading=\"lazy\" decoding=\"async\" class=\"aligncenter size-thumbnail wp-image-5983\" src=\"https:\/\/nvgf.dk\/wp-content\/uploads\/2020\/03\/DSC_2032-web-170x113.jpg\" alt=\"\" width=\"170\" height=\"113\" srcset=\"https:\/\/nvgf.dk\/wp-content\/uploads\/2020\/03\/DSC_2032-web-170x113.jpg 170w, https:\/\/nvgf.dk\/wp-content\/uploads\/2020\/03\/DSC_2032-web-300x200.jpg 300w, https:\/\/nvgf.dk\/wp-content\/uploads\/2020\/03\/DSC_2032-web-768x512.jpg 768w, https:\/\/nvgf.dk\/wp-content\/uploads\/2020\/03\/DSC_2032-web.jpg 900w\" sizes=\"auto, (max-width: 170px) 100vw, 170px\" \/><\/a>01.04.2018: Birkevej.<\/td>\n<\/tr>\n<tr valign=\"top\">\n<td style=\"text-align: center; font-family: verdana, geneva; font-size: 8pt; border: 2px solid #ffffff;\"><a href=\"https:\/\/nvgf.dk\/wp-content\/uploads\/2020\/03\/DSC_2033-web.jpg\"><img loading=\"lazy\" decoding=\"async\" class=\"aligncenter size-thumbnail wp-image-5984\" src=\"https:\/\/nvgf.dk\/wp-content\/uploads\/2020\/03\/DSC_2033-web-170x113.jpg\" alt=\"\" width=\"170\" height=\"113\" srcset=\"https:\/\/nvgf.dk\/wp-content\/uploads\/2020\/03\/DSC_2033-web-170x113.jpg 170w, https:\/\/nvgf.dk\/wp-content\/uploads\/2020\/03\/DSC_2033-web-300x200.jpg 300w, https:\/\/nvgf.dk\/wp-content\/uploads\/2020\/03\/DSC_2033-web-768x512.jpg 768w, https:\/\/nvgf.dk\/wp-content\/uploads\/2020\/03\/DSC_2033-web.jpg 900w\" sizes=\"auto, (max-width: 170px) 100vw, 170px\" \/><\/a>01.04.2018: Fyrrevej.<\/td>\n<td style=\"text-align: center; font-family: verdana, geneva; font-size: 8pt; border: 2px solid #ffffff;\"><a href=\"https:\/\/nvgf.dk\/wp-content\/uploads\/2020\/03\/DSC_2034-web.jpg\"><img loading=\"lazy\" decoding=\"async\" class=\"aligncenter size-thumbnail wp-image-5985\" src=\"https:\/\/nvgf.dk\/wp-content\/uploads\/2020\/03\/DSC_2034-web-170x113.jpg\" alt=\"\" width=\"170\" height=\"113\" srcset=\"https:\/\/nvgf.dk\/wp-content\/uploads\/2020\/03\/DSC_2034-web-170x113.jpg 170w, https:\/\/nvgf.dk\/wp-content\/uploads\/2020\/03\/DSC_2034-web-300x200.jpg 300w, https:\/\/nvgf.dk\/wp-content\/uploads\/2020\/03\/DSC_2034-web-768x512.jpg 768w, https:\/\/nvgf.dk\/wp-content\/uploads\/2020\/03\/DSC_2034-web.jpg 900w\" sizes=\"auto, (max-width: 170px) 100vw, 170px\" \/><\/a>01.04.2018: L\u00e6rkevej.<\/td>\n<td style=\"text-align: center; font-family: verdana, geneva; font-size: 8pt; border: 2px solid #ffffff;\"><a href=\"https:\/\/nvgf.dk\/wp-content\/uploads\/2020\/03\/DSC_2037-web.jpg\"><img loading=\"lazy\" decoding=\"async\" class=\"aligncenter size-thumbnail wp-image-5986\" src=\"https:\/\/nvgf.dk\/wp-content\/uploads\/2020\/03\/DSC_2037-web-170x113.jpg\" alt=\"\" width=\"170\" height=\"113\" srcset=\"https:\/\/nvgf.dk\/wp-content\/uploads\/2020\/03\/DSC_2037-web-170x113.jpg 170w, https:\/\/nvgf.dk\/wp-content\/uploads\/2020\/03\/DSC_2037-web-300x200.jpg 300w, https:\/\/nvgf.dk\/wp-content\/uploads\/2020\/03\/DSC_2037-web-768x512.jpg 768w, https:\/\/nvgf.dk\/wp-content\/uploads\/2020\/03\/DSC_2037-web.jpg 900w\" sizes=\"auto, (max-width: 170px) 100vw, 170px\" \/><\/a>01.04.2018: L\u00e6rkevej.<\/td>\n<\/tr>\n<tr valign=\"top\">\n<td style=\"text-align: center; font-family: verdana, geneva; font-size: 8pt; border: 2px solid #ffffff;\"><\/td>\n<td style=\"text-align: center; font-family: verdana, geneva; font-size: 8pt; border: 2px solid #ffffff;\"><a href=\"https:\/\/nvgf.dk\/wp-content\/uploads\/2020\/03\/IMG_18-075641.jpg\"><img loading=\"lazy\" decoding=\"async\" class=\"aligncenter size-thumbnail wp-image-5987\" src=\"https:\/\/nvgf.dk\/wp-content\/uploads\/2020\/03\/IMG_18-075641-170x127.jpg\" alt=\"\" width=\"170\" height=\"127\" srcset=\"https:\/\/nvgf.dk\/wp-content\/uploads\/2020\/03\/IMG_18-075641-170x127.jpg 170w, https:\/\/nvgf.dk\/wp-content\/uploads\/2020\/03\/IMG_18-075641-300x225.jpg 300w, https:\/\/nvgf.dk\/wp-content\/uploads\/2020\/03\/IMG_18-075641-768x576.jpg 768w, https:\/\/nvgf.dk\/wp-content\/uploads\/2020\/03\/IMG_18-075641.jpg 867w\" sizes=\"auto, (max-width: 170px) 100vw, 170px\" \/><\/a>02.04.2018: L\u00e6rkevej.<\/td>\n<td style=\"text-align: center; font-family: verdana, geneva; font-size: 8pt; border: 2px solid #ffffff;\"><\/td>\n<\/tr>\n<\/tbody>\n<\/table>\n<p style=\"text-align: justify; font-size: 9pt;\"><em><a href=\"https:\/\/nvgf.dk\/?page_id=49\">Tilbage til Indholdsfortegnelsen<\/a><\/em><\/p>\n ","protected":false},"excerpt":{"rendered":"<p>Hvid p\u00e5ske 2018 Der kunne v\u00e6re tale om en aprilsnar, men sneen var nu \u00e6gte nok, da den v\u00e6ltede ned p\u00e5skedag d. 1. april 2018. Sneen lagde sig i et p\u00e6nt lag fra det t\u00e6tte skyd\u00e6kke, som fik dagen til &hellip; <a href=\"https:\/\/nvgf.dk\/?page_id=5980\">L\u00e6s resten <span class=\"meta-nav\">&rarr;<\/span><\/a><\/p>\n","protected":false},"author":1,"featured_media":0,"parent":49,"menu_order":12,"comment_status":"open","ping_status":"closed","template":"","meta":{"footnotes":"","_wp_rev_ctl_limit":"1"},"class_list":["post-5980","page","type-page","status-publish","hentry"],"_links":{"self":[{"href":"https:\/\/nvgf.dk\/index.php?rest_route=\/wp\/v2\/pages\/5980","targetHints":{"allow":["GET"]}}],"collection":[{"href":"https:\/\/nvgf.dk\/index.php?rest_route=\/wp\/v2\/pages"}],"about":[{"href":"https:\/\/nvgf.dk\/index.php?rest_route=\/wp\/v2\/types\/page"}],"author":[{"embeddable":true,"href":"https:\/\/nvgf.dk\/index.php?rest_route=\/wp\/v2\/users\/1"}],"replies":[{"embeddable":true,"href":"https:\/\/nvgf.dk\/index.php?rest_route=%2Fwp%2Fv2%2Fcomments&post=5980"}],"version-history":[{"count":1,"href":"https:\/\/nvgf.dk\/index.php?rest_route=\/wp\/v2\/pages\/5980\/revisions"}],"predecessor-version":[{"id":8698,"href":"https:\/\/nvgf.dk\/index.php?rest_route=\/wp\/v2\/pages\/5980\/revisions\/8698"}],"up":[{"embeddable":true,"href":"https:\/\/nvgf.dk\/index.php?rest_route=\/wp\/v2\/pages\/49"}],"wp:attachment":[{"href":"https:\/\/nvgf.dk\/index.php?rest_route=%2Fwp%2Fv2%2Fmedia&parent=5980"}],"curies":[{"name":"wp","href":"https:\/\/api.w.org\/{rel}","templated":true}]}}