{"id":6085,"date":"2020-09-01T08:39:12","date_gmt":"2020-09-01T06:39:12","guid":{"rendered":"http:\/\/nvgf.dk\/wordpress\/?page_id=6085"},"modified":"2026-03-31T13:04:09","modified_gmt":"2026-03-31T11:04:09","slug":"__trashed","status":"publish","type":"page","link":"https:\/\/nvgf.dk\/?page_id=6085","title":{"rendered":"Servitutter mv."},"content":{"rendered":"<table style=\"width: 100%; margin-left: 0%; margin-right: 0%; margin-top: 0em; border: #ADD8E6 0px solid;\" border=\"0\" frame=\"0\" cellspacing=\"5\" cellpadding=\"5\">\n<colgroup>\n<col style=\"width: 12.5%;\" \/>\n<col style=\"width: 12.5%;\" \/>\n<col style=\"width: 12.5%;\" \/>\n<col style=\"width: 12.5%;\" \/>\n<col style=\"width: 12.5%;\" \/>\n<col style=\"width: 12.5%;\" \/>\n<col style=\"width: 12.5%;\" \/>\n<col style=\"width: 12.5%;\" \/> <\/colgroup>\n<tbody>\n<tr valign=\"center\">\n<td style=\"border: #800000 1px solid; background-color: #fcce3f; text-align: center; font-family: verdana,geneva; font-size: 14pt; color: #800000;\" colspan=\"8\"><strong>Servitutter og bestemmelser<\/strong><\/td>\n<\/tr>\n<\/tbody>\n<\/table>\n<h6 style=\"text-align: justify; font-family: verdana,geneva; margin: 0em 10px 2em 10px;\"><em>(Senest opdateret 26.03.2026)<\/em><\/h6>\n<div style=\"text-align: justify; font-family: verdana,geneva; font-size: 10pt; color: #000000; margin: 2em 10px 0em 10px; line-height: 1.6;\">P\u00e5 denne side kan du finde information om de deklarationer og bestemmelser, som er tinglyste eller vedtaget af kommunen omkring svenskehusenes udseende og s\u00e6rpr\u00e6g. Det er bestemmelser og tanker, det er v\u00e6rd at s\u00e6tte sig ind i &#8211; ikke kun hvis man overvejer at flytte ind i et svenskehuskvarter, men m\u00e5ske i lige s\u00e5 h\u00f8j grad for de beboere, der overvejer \u00e6ndringer p\u00e5 deres ejendomme. Det g\u00e6lder m\u00e5ske is\u00e6r, hvis man overvejer \u00e6ndringer, der ikke kr\u00e6ver kommunens byggetilladelse.<\/div>\n<div style=\"font-family: verdana,geneva; font-size: 10pt; text-align: justify; color: #000000; margin: 1em 20px 0px 20px; line-height: 1.6;\">Klik p\u00e5 titlen p\u00e5 det emne, du \u00f8nsker at f\u00e5 information om.<\/div>\n<div style=\"font-family: verdana,geneva; font-size: 14pt; text-align: justify; color: #800000; margin: 2em 20px 0px 20px; line-height: 1.6;\"><strong>Oversigt<\/strong><\/div>\n<div style=\"font-family: verdana,geneva; font-size: 11pt; text-align: justify; color: #800000; margin: 1.2em 20px 2.5em 40px; line-height: 1.6;\"><img loading=\"lazy\" decoding=\"async\" class=\"alignleft size-full wp-image-6088\" style=\"border: 0px solid;\" src=\"https:\/\/nvgf.dk\/wp-content\/uploads\/2020\/08\/paragraftegn-small.jpg\" alt=\"\" width=\"18\" height=\"30\"\/><a href=\"#servitut\"><strong>Servitutter<\/strong><\/a><\/div>\n<div style=\"font-family: verdana,geneva; font-size: 11pt; text-align: justify; color: #800000; margin: 1.2em 20px 0em 40px; line-height: 1.6;\"><img loading=\"lazy\" decoding=\"async\" class=\"alignleft size-full wp-image-6088\" style=\"border: 0px solid;\" src=\"https:\/\/nvgf.dk\/wp-content\/uploads\/2020\/08\/paragraftegn-small.jpg\" alt=\"\" width=\"18\" height=\"30\"\/><a href=\"https:\/\/nvgf.dk\/wp-content\/uploads\/2020\/08\/svenskeHus-deka-r\u00f8nne-fraTinglysningen.pdf\" target=\"_blank\" rel=\"noopener noreferrer\"><strong>Deklaration vedr. svenskehusene<\/strong><\/a><\/div>\n<div style=\"font-family: verdana,geneva; font-size: 10pt; text-align: justify; color: #000000; margin: 0.5em 20px 0em 60px; line-height: 1.6;\">(tinglyst 11. november 1949 og med p\u00e5tegning 23. oktober 1974).<\/div>\n<div style=\"font-family: verdana,geneva; font-size: 11pt; text-align: justify; color: #000000; margin: 1.2em 20px 0em 40px; line-height: 1.6;\"><img loading=\"lazy\" decoding=\"async\" class=\"alignleft size-full wp-image-6088\" style=\"border: 0px solid;\" src=\"https:\/\/nvgf.dk\/wp-content\/uploads\/2020\/08\/paragraftegn-small.jpg\" alt=\"\" width=\"18\" height=\"30\"\/><a href=\"https:\/\/nvgf.dk\/wp-content\/uploads\/2020\/08\/Information-svenske-tr\u00e6huse-i-R\u00f8nne.pdf\" target=\"_blank\" rel=\"noopener noreferrer\"><strong>Information om de svenske tr\u00e6huse i R\u00f8nne<\/strong><\/a><\/div>\n<div style=\"font-family: verdana,geneva; font-size: 10pt; text-align: justify; text-valign: bottom; color: #000000; margin: 0.5em 20px 2em 60px; line-height: 1.6;\">(vedtaget i R\u00f8nne Byr\u00e5d maj 1984).<\/div>\n<div style=\"font-family: verdana,geneva; font-size: 11pt; text-align: justify; color: #800000; margin: 1.2em 20px 0em 40px; line-height: 1.6;\"><img loading=\"lazy\" decoding=\"async\" class=\"alignleft size-full wp-image-6088\" style=\"border: 0px solid;\" src=\"https:\/\/nvgf.dk\/wp-content\/uploads\/2020\/08\/paragraftegn-small.jpg\" alt=\"\" width=\"18\" height=\"30\"\/> <a href=\"https:\/\/nvgf.dk\/wp-content\/uploads\/2020\/08\/Arbejdsregler-svenske-tr\u00e6huse-R\u00f8nne.pdf\" target=\"_blank\" rel=\"noopener noreferrer\"><strong>Arbejdsregler for de svenske tr\u00e6huse i R\u00f8nne<\/strong><\/a><\/div>\n<div style=\"font-family: verdana,geneva; font-size: 10pt; text-align: justify; color: #000000; margin: 0.5em 20px 0em 60px; line-height: 1.6;\">(vedtaget i R\u00f8nne Byr\u00e5d 30. april 1984).<\/div>\n<div style=\"font-family: verdana,geneva; font-size: 11pt; text-align: justify; color: #800000; margin: 1.2em 20px 0em 40px; line-height: 1.6;\"><img loading=\"lazy\" decoding=\"async\" class=\"alignleft size-full wp-image-6088\" style=\"border: 0px solid;\" src=\"https:\/\/nvgf.dk\/wp-content\/uploads\/2020\/08\/paragraftegn-small.jpg\" alt=\"\" width=\"18\" height=\"30\"\/><a href=\"https:\/\/nvgf.dk\/wp-content\/uploads\/2020\/08\/Svenske-hus-farver-2.pdf\" target=\"_blank\" rel=\"noopener noreferrer\"><strong>Svenskehusenes farver<\/strong><\/a><\/div>\n<div style=\"font-family: verdana,geneva; font-size: 10pt; text-align: justify; color: #000000; margin: 0.5em 20px 2em 60px; line-height: 1.6;\">(vejledning udgivet af Center for Teknik og Milj\u00f8, Skovl\u00f8kken 4, Tejn).<\/div>\n<div id=\"servitut\"> <\/div>\n<h1 style=\"style=margin-top: 2em; color: #800000;\">Servitutter<\/h1>\n<div style=\"text-align: justify; font-family: verdana,geneva; font-size: 10pt; color: #000000; margin-left: 10px; margin-right: 10px; margin-top: 0.5em; line-height: 1.6;\">I november 1949 tinglystes en r\u00e6kke servitutter p\u00e5 alle svenske tr\u00e6huse i R\u00f8nne. Oprindelig var det Det bornholmske Ejendomsselskab, der havde p\u00e5taleretten, men denne overgik i 1974 til R\u00f8nne Byr\u00e5d og efter kommunesammenl\u00e6gningen til Bornholms Kommunalbestyrelse. Nedenfor er lavet et uddrag af hovedindholdet af disse stadig g\u00e6ldende servitutter.<\/div>\n<div style=\"text-align: justify; font-family: verdana,geneva; font-size: 14pt; color: #800000; margin-left: 10px; margin-right: 10px; margin-top: 3em;\"><strong>Indledningen<\/strong><\/div>\n<div style=\"text-align: justify; font-family: verdana,geneva; font-size: 10pt; color: #000000; margin-left: 10px; margin-right: 10px; margin-top: 7px; line-height: 1.6;\">I indledningen til Deklarationen hedder det &#8211; retskrivningen er tilpasset (dvs. aa er \u00e6ndret til \u00e5) og udeladelser i teksten er anf\u00f8rt med (&#8230;..):<\/div>\n<blockquote style=\"background-color: #fde992; border: #800000 1px solid; border-radius: 10px; margin-top: 1em; margin-left: 30px; margin-right: 30px; padding:10px;\">\n<div style=\"text-align: justify; font-family: verdana,geneva; font-size: 10pt; color: #000000; margin-top: 1em; margin-bottom: 1em; line-height: 1.6;\">Undertegnede bestyrelse for Det bornholmske Ejendomsselskab A\/S, K\u00f8benhavn, der er ejer af de nedenn\u00e6vnte ejendomme, (&#8230;..), p\u00e5l\u00e6gger herved de n\u00e6vnte ejendomme f\u00f8lgende servitutm\u00e6ssige bestemmelser, hvis form\u00e5l dels er at bevare de kvarterer af R\u00f8nne k\u00f8bstad, som best\u00e5r af de af den svenske stat efter bombardementet i maj 1945 sk\u00e6nkede tr\u00e6huse, som samlede haveboligkvarterer med bibeholdelse af tr\u00e6husenes s\u00e6rlige karakter, dels at give kvartererne et smukt og tiltalende helhedspr\u00e6g og sikre beboerne de mindst mulige ulemper fra omgivelserne.<\/div>\n<\/blockquote>\n<div style=\"text-align: justify; font-family: verdana,geneva; font-size: 14pt; color: #800000; margin-left: 10px; margin-right: 10px; margin-top: 2em;\"><strong>N\u00f8rrevang<\/strong><\/div>\n<div style=\"text-align: justify; font-family: verdana,geneva; font-size: 10pt; color: #000000; margin-left: 10px; margin-right: 10px; margin-top: 7px;\">I \u00a71 oplistes derp\u00e5 matrikelnumrene p\u00e5 alle de ejendomme, der er omfattet af deklarationen, ligesom hvert svenskehusekvarter f\u00e5r et navn. Kvarteret p\u00e5 L\u00e6rke-, Birke- og Fyrrevej betegnes her N\u00f8rrevang.<\/div>\n<div style=\"text-align: justify; font-family: verdana,geneva; font-size: 14pt; color: #800000; margin-left: 10px; margin-right: 10px; margin-top: 2em;\"><strong>Legepladsen<\/strong><\/div>\n<div style=\"text-align: justify; font-family: verdana,geneva; font-size: 10pt; color: #000000; margin-left: 10px; margin-right: 10px; margin-top: 7px;\">Om legepladsen hedder det i \u00a72:<\/div>\n<blockquote style=\"background-color: #fde992; border: #800000 1px solid; border-radius: 10px; margin-top: 1em; margin-left: 30px; margin-right: 30px; padding:10px;\">\n<div style=\"text-align: justify; font-family: verdana,geneva; font-size: 10pt; color: #000000; margin-top: 1em; margin-bottom: 1em; line-height: 1.6;\">De p\u00e5g\u00e6ldende ejendomme m\u00e5 ikke udstykkes yderligere. Matr. (&#8230;..) 18a af R\u00f8nne k\u00f8bstads markjorder m\u00e5 kun udl\u00e6gges og benyttes som anl\u00e6g (med legeplads for b\u00f8rn) til f\u00e6lles benyttelse for beboerne i det p\u00e5g\u00e6ldende tr\u00e6huskvarter, (&#8230;..).<\/div>\n<\/blockquote>\n<div style=\"text-align: justify; font-family: verdana,geneva; font-size: 14pt; color: #800000; margin-left: 10px; margin-right: 10px; margin-top: 2em;\"><strong>Bebyggelserne<\/strong><\/div>\n<div style=\"text-align: justify; font-family: verdana,geneva; font-size: 10pt; color: #000000; margin-left: 10px; margin-right: 10px; margin-top: 7px;\">Om de specielle bestemmelser vedr. bebyggelserne p\u00e5 ejendommene kan man i \u00a73 l\u00e6se f\u00f8lgende:<\/div>\n<blockquote style=\"background-color: #fde992; border: #800000 1px solid; border-radius: 10px; margin-top: 1em; margin-left: 30px; margin-right: 30px; padding:10px;\">\n<div style=\"text-align: justify; font-family: verdana,geneva; font-size: 10pt; color: #000000; margin-top: 1em; line-height: 1.6;\">Samtlige ejendomme (&#8230;..) er bebyggede, og der m\u00e5 ikke foretages nogen som helst yderligere tilbygning &#8211; derunder af skure, udhuse eller garager &#8211; uden samtykke af Det bornholmske Ejendomsselskab A\/S, respektive R\u00f8nne Byr\u00e5d (&#8230;..), ligesom der ej heller uden sammes samtykke m\u00e5 foretages nogen som helst ombygning eller forandring p\u00e5 eller i de nu p\u00e5 ejendommen v\u00e6rende bygninger &#8211; derunder \u00e6ndring af husenes udvendige farver.<\/div>\n<div style=\"text-align: justify; font-family: verdana,geneva; font-size: 10pt; color: #000000; margin-top: 1em; margin-bottom: 1em; line-height: 1.6;\">K\u00e6lderrum m\u00e5 ikke anvendes til beboelse.<\/div>\n<\/blockquote>\n<div style=\"text-align: justify; font-family: verdana,geneva; font-size: 14pt; color: #800000; margin-left: 10px; margin-right: 10px; margin-top: 2em;\"><strong>Hegn<\/strong><\/div>\n<div style=\"text-align: justify; font-family: verdana,geneva; font-size: 10pt; color: #000000; margin-left: 10px; margin-right: 10px; margin-top: 7px;\">Der er ogs\u00e5 regler for hegnet om enkelte ejendomme. Om dette siger \u00a74:<\/div>\n<blockquote style=\"background-color: #fde992; border: #800000 1px solid; border-radius: 10px; margin-top: 1em; margin-left: 30px; margin-right: 30px; padding:10px;\">\n<div style=\"text-align: justify; font-family: verdana,geneva; font-size: 10pt; color: #000000; margin-top: 1em; line-height: 1.6;\">Hegnspligten p\u00e5hviler ejeren af den p\u00e5g\u00e6ldende ejendom.<\/div>\n<div style=\"text-align: justify; font-family: verdana,geneva; font-size: 10pt; color: #000000; margin-top: 1em; line-height: 1.6;\">Intet hegn m\u00e5 v\u00e6re mere end 2 meter h\u00f8jt, og som hegn m\u00e5 kun benyttes levende hegn eller naturtr\u00e6shegn.<\/div>\n<div style=\"text-align: justify; font-family: verdana,geneva; font-size: 10pt; color: #000000; margin-top: 1em; margin-bottom: 1em; line-height: 1.6;\">Ethvert hegn eller forandring deri skal godkendes af Det bornholmske Ejensomsselskab A\/S, resp. R\u00f8nne Byr\u00e5d (&#8230;..)<\/div>\n<\/blockquote>\n<div style=\"text-align: justify; font-family: verdana,geneva; font-size: 14pt; color: #800000; margin-left: 10px; margin-right: 10px; margin-top: 2em;\"><strong>Ejendommenes anvendelse<\/strong><\/div>\n<div style=\"text-align: justify; font-family: verdana,geneva; font-size: 10pt; color: #000000; margin-left: 10px; margin-right: 10px; margin-top: 7px;\">I \u00a75 omtales en r\u00e6kke form\u00e5l, som ejendommene ikke m\u00e5 bruges til. Her kommer et l\u00e6ngere uddrag:<\/div>\n<blockquote style=\"background-color: #fde992; border: #800000 1px solid; border-radius: 10px; margin-top: 1em; margin-left: 30px; margin-right: 30px; padding:10px;\">\n<div style=\"text-align: justify; font-family: verdana,geneva; font-size: 10pt; color: #000000; margin-top: 1em; line-height: 1.6;\">Bortset fra de butikker o. lign., som med samtykke af Det bornholmske Ejendomsselskab A\/S, resp. R\u00f8nne Byr\u00e5d, (&#8230;..) undtagelsesvis m\u00e5tte v\u00e6re eller blive indrettet i de p\u00e5g\u00e6ldende ejendomme, m\u00e5 ingen bygning p\u00e5 disse benyttes til andet end beboelse.<\/div>\n<div style=\"text-align: justify; font-family: verdana,geneva; font-size: 10pt; color: #000000; margin-top: 1em; line-height: 1.6;\">Der m\u00e5 s\u00e5ledes navnlig ikke (&#8230;..) drives handel, h\u00e5ndv\u00e6rk (&#8230;..) eller industrivirksomhed. Der m\u00e5 ikke indrettes v\u00e6rksted eller lignende eller i \u00f8vrigt foretages noget, der ved r\u00f8g, st\u00f8j, rystelser, ilde lugt eller sk\u00e6mmende udseende medf\u00f8rer ulemper for andre beboere af kvarteret eller p\u00e5 anden m\u00e5de betager ejendommen dens pr\u00e6g og karakter som beliggende i et villakvarter. (&#8230;..)<\/div>\n<div style=\"text-align: justify; font-family: verdana,geneva; font-size: 10pt; color: #000000; margin-top: 1em; line-height: 1.6;\">Det til ejendommene h\u00f8rende areal m\u00e5 kun anvendes til havebrug, men ikke til oplagsplads eller husdyrhold, derunder kaniner og h\u00f8ns, ej heller til telt- og lejrplads, ligesom enhver form for lysthuse eller beboelsesvogne er forbudt, medmindre der er meddelt dispensation af Det bornholmske Ejendomsselskab A\/S, resp. R\u00f8nne Byr\u00e5d (&#8230;..).<\/div>\n<div style=\"text-align: justify; font-family: verdana,geneva; font-size: 10pt; color: #000000; margin-top: 1em; line-height: 1.6;\">P\u00e5 ejendommene, derunder disses bygninger og hegn, m\u00e5 alene anbringes s\u00e6dvanlige navneplader; reklamer, skilte, figurer o. lign. i reklame- eller andet \u00f8jemed m\u00e5 kun anbringes efter tilladelse fra Det bornholmske Ejendomsselskab A\/S, resp. R\u00f8nne Byr\u00e5d, (&#8230;..).<\/div>\n<div style=\"text-align: justify; font-family: verdana,geneva; font-size: 10pt; color: #000000; margin-top: 1em; line-height: 1.6;\">S\u00e5vel de p\u00e5 ejendommene v\u00e6rende bygninger som disses ubebyggede tilliggender skal stedse vedligeholdes og v\u00e6re i ordentlig stand; i tilf\u00e6lde af misr\u00f8gt er den p\u00e5taleberettigede berettiget til for vedkommende ansvarliges regning at lade udf\u00f8re de n\u00f8dvendige vedligeholdelses- eller reparationsarbejder.<\/div>\n<div style=\"text-align: justify; font-family: verdana,geneva; font-size: 10pt; color: #000000; margin-top: 1em; line-height: 1.6;\">\u00c6ndringer i beplantningen mellem de p\u00e5 ejendommene v\u00e6rende bygninger og veje m\u00e5 ikke ske uden tilladelse (&#8230;..).<\/div>\n<div style=\"text-align: justify; font-family: verdana,geneva; font-size: 10pt; color: #000000; margin-top: 1em; margin-bottom: 1em; line-height: 1.6;\">Fra bestemmelsen i stk. 3 om forbud mod husdyrhold er alene undtaget en enkelt hund og kat for hver ejendom.<\/div>\n<\/blockquote>\n<div style=\"text-align: justify; font-family: verdana,geneva; font-size: 14pt; color: #800000; margin-left: 10px; margin-right: 10px; margin-top: 2em;\"><strong>Dispensationer<\/strong><\/div>\n<div style=\"text-align: justify; font-family: verdana,geneva; font-size: 10pt; color: #000000; margin-left: 10px; margin-right: 10px; margin-top: 7px;\">I \u00a76 beskrives muligheden for, at ejendomsselskabet kan overdrage p\u00e5taleretten til R\u00f8nne Byr\u00e5d, hvilket alts\u00e5 skete i 1974. Endvidere beskrives den p\u00e5taleberettigedes kompetence lidt n\u00f8jere:<\/div>\n<blockquote style=\"background-color: #fde992; border: #800000 1px solid; border-radius: 10px; margin-top: 1em; margin-left: 30px; margin-right: 30px; padding:10px;\">\n<div style=\"text-align: justify; font-family: verdana,geneva; font-size: 10pt; color: #000000; margin-top: 1em; margin-bottom: 1em; line-height: 1.6;\">Den p\u00e5taleberettigede er berettiget til i s\u00e6rlige tilf\u00e6lde at indr\u00f8mme lempelser i de ved n\u00e6rv\u00e6rende deklaration p\u00e5lagte forpligtelser, for s\u00e5 vidt dette kan ske uden skade for kvarterets udseende og karakter. S\u00e5danne dispensationer kan kun meddeles under forbehold af myndighedernes godkendelse, s\u00e5fremt en s\u00e5dan for det p\u00e5g\u00e6ldende forhold kr\u00e6ves af love eller andre offentlige forskrifter.<\/div>\n<\/blockquote>\n<div style=\"text-align: justify; font-family: verdana,geneva; font-size: 14pt; color: #800000; margin-left: 10px; margin-right: 10px; margin-top: 2em;\"><strong>\u00c6ndring af servitutterne<\/strong><\/div>\n<div style=\"text-align: justify; font-family: verdana,geneva; font-size: 10pt; color: #000000; margin-left: 10px; margin-right: 10px; margin-top: 7px;\">I den sidste paragraf, \u00a77, understreges det, at de tinglyste servitutter ingensinde (som det jo hedder i kancellisproget) kan oph\u00e6ves uden den p\u00e5taleberettigedes samtykke. Det vil sige, at det ene og alene er Bornholms Kommunalbestyrelse, der kan oph\u00e6ve eller \u00e6ndre p\u00e5 servitutterne.<\/div>\n ","protected":false},"excerpt":{"rendered":"<p>Servitutter og bestemmelser (Senest opdateret 26.03.2026) P\u00e5 denne side kan du finde information om de deklarationer og bestemmelser, som er tinglyste eller vedtaget af kommunen omkring svenskehusenes udseende og s\u00e6rpr\u00e6g. Det er bestemmelser og tanker, det er v\u00e6rd at s\u00e6tte &hellip; <a href=\"https:\/\/nvgf.dk\/?page_id=6085\">L\u00e6s resten <span class=\"meta-nav\">&rarr;<\/span><\/a><\/p>\n","protected":false},"author":1,"featured_media":0,"parent":0,"menu_order":3,"comment_status":"closed","ping_status":"closed","template":"","meta":{"footnotes":"","_wp_rev_ctl_limit":"1"},"class_list":["post-6085","page","type-page","status-publish","hentry"],"_links":{"self":[{"href":"https:\/\/nvgf.dk\/index.php?rest_route=\/wp\/v2\/pages\/6085","targetHints":{"allow":["GET"]}}],"collection":[{"href":"https:\/\/nvgf.dk\/index.php?rest_route=\/wp\/v2\/pages"}],"about":[{"href":"https:\/\/nvgf.dk\/index.php?rest_route=\/wp\/v2\/types\/page"}],"author":[{"embeddable":true,"href":"https:\/\/nvgf.dk\/index.php?rest_route=\/wp\/v2\/users\/1"}],"replies":[{"embeddable":true,"href":"https:\/\/nvgf.dk\/index.php?rest_route=%2Fwp%2Fv2%2Fcomments&post=6085"}],"version-history":[{"count":1,"href":"https:\/\/nvgf.dk\/index.php?rest_route=\/wp\/v2\/pages\/6085\/revisions"}],"predecessor-version":[{"id":8665,"href":"https:\/\/nvgf.dk\/index.php?rest_route=\/wp\/v2\/pages\/6085\/revisions\/8665"}],"wp:attachment":[{"href":"https:\/\/nvgf.dk\/index.php?rest_route=%2Fwp%2Fv2%2Fmedia&parent=6085"}],"curies":[{"name":"wp","href":"https:\/\/api.w.org\/{rel}","templated":true}]}}