{"id":6905,"date":"2025-05-07T16:18:48","date_gmt":"2025-05-07T14:18:48","guid":{"rendered":"https:\/\/nvgf.dk\/wordpress\/?page_id=6905"},"modified":"2026-04-10T13:55:52","modified_gmt":"2026-04-10T11:55:52","slug":"kloakseparering","status":"publish","type":"page","link":"https:\/\/nvgf.dk\/?page_id=6905","title":{"rendered":"Kloak"},"content":{"rendered":"<table style=\"width: 100%; margin-left: 0%; margin-right: 0%; margin-top: 0em; border: #ADD8E6 0px solid;\" border=\"0\" frame=\"0\" cellspacing=\"5\" cellpadding=\"5\">\n<colgroup>\n<col style=\"width: 12.5%;\" \/>\n<col style=\"width: 12.5%;\" \/>\n<col style=\"width: 12.5%;\" \/>\n<col style=\"width: 12.5%;\" \/>\n<col style=\"width: 12.5%;\" \/>\n<col style=\"width: 12.5%;\" \/>\n<col style=\"width: 12.5%;\" \/>\n<col style=\"width: 12.5%;\" \/> <\/colgroup>\n<tbody>\n<tr valign=\"center\">\n<td style=\"border: #800000 1px solid; background-color: #fcce3f; text-align: center; font-family: verdana,geneva; font-size: 14pt; color: #800000;\" colspan=\"8\"><strong>Kloakseparering<\/strong><\/td>\n<\/tr>\n<\/tbody>\n<\/table>\n<h6 style=\"text-align: justify; font-family: verdana,geneva; margin: 0em 10px 2em 10px;\"><em>(Senest opdateret 07.05.2025)<\/em><\/h6>\n<div style=\"text-align: justify; font-family: verdana,geneva; font-size: 10pt; color: #000000; margin: 2em 10px 0em 10px; line-height: 1.6;\">\n<h1 style=\"color: #800000;\">Baggrund<\/h1>\n<p style=\"margin-top: -0.7em; margin-left: 40px; margin-right: 40px;\">Vejene i N\u00f8rrevangskvarteret fik i 2012 lavet kloakseparering, dvs. overfladevand og spildevand blev delt i to separate systemer. Kvarteret havde i perioden fra 2006 og til 2011 i forbindelse med kraftig regn og skybrud v\u00e6ret plaget af ret voldsomme k\u00e6lderoversv\u00f8mmelser. Bestyrelsen henvendte sig derfor i flere omgange til Bornholms Forsyning og fik efterh\u00e5nden lagt s\u00e5 stort et pres p\u00e5 denne, at det lykkedes os at f\u00e5 gennemf\u00f8rt kloaksepareringen i l\u00f8bet af sommeren 2012.<\/p>\n<h1 style=\"color: #800000;\">Projektets gennemf\u00f8relse<\/h1>\n<p style=\"margin-top: -0.7em; margin-left: 40px; margin-right: 40px;\">Hovedtanken bag projektet er, at alt overfladevand (dvs. regnvand) ledes uden om kloakken og via en regnvandsledning ud i \u00d8sters\u00f8en. Det betyder i praksis, at alle vejbr\u00f8nde er blevet koblet af kloakledningen og i stedet for tilsluttet den nye regnvandsledning. Det samme er sket med alle tagnedl\u00f8b fra husene, hvor nedl\u00f8bsr\u00f8rene er blevet tilsluttet en ny skelbr\u00f8nd, som har forbindelse ud til regnvandsledningen.<\/p>\n<h1 style=\"color: #800000;\">Projektets konsekvenser &#8211; ogs\u00e5 for de daglige vaner<\/h1>\n<p style=\"margin-top: -0.7em; margin-left: 40px; margin-right: 40px;\">Projektet har vist sin gavn, idet kvarteret ikke har oplevet k\u00e6lderoversv\u00f8mmelser siden projektets gennemf\u00f8relse, s\u00e5 beboerne nu igen sover stille og roligt om natten &#8211; selv om det pisker ned udenfor.<\/p>\n<p style=\"margin-top: -0.7em; margin-left: 40px; margin-right: 40px;\">Til geng\u00e6ld har separeringen af de to systemer ogs\u00e5 indflydelse p\u00e5 vores daglige vaner. Vasker man bil i indk\u00f8rslen, st\u00e5r man med noget malingsopblandet spildevand eller andet forurenet vand, m\u00e5 det ikke &#8211; som man m\u00e5ske gjorde tidligere &#8211; bare h\u00e6ldes i vejbr\u00f8ndene. G\u00f8r man det, h\u00e6lder man urenset spildevand direkte ud i \u00d8sters\u00f8en og ned p\u00e5 vores badestrand. Forurenet vand, der skal bortskaffes via kloaken, skal h\u00e6ldes ud i de vaskeafl\u00f8b, der er inde i husene, eller via de br\u00f8nde p\u00e5 ens grund, som bortleder vandet fra k\u00f8kken og toilet.<\/p>\n<h1 style=\"color: #800000;\">Billeder<\/h1>\n<p style=\"margin: -0.7em 40px 1em 40px;\">I fotoalbummet andetsteds p\u00e5 denne hjemmeside kan man se en lang r\u00e6kke billeder af det for vores lille kvarter store anl\u00e6gsarbejde. Herunder er blot vist et enkelt, men til geng\u00e6ld vigtigt billede, der viser hvordan vejbr\u00f8ndene er sluttet til regnvandsledningen. Derfor kan man kort sige: De sm\u00e5 br\u00f8nde i vejsiden er kun til regnvand!!<\/p>\n<h6><a href=\"https:\/\/nvgf.dk\/wp-content\/uploads\/DSC_0556.jpg\"><img loading=\"lazy\" decoding=\"async\" class=\"aligncenter size-full wp-image-2213\" src=\"https:\/\/nvgf.dk\/wp-content\/uploads\/DSC_0556.jpg\" alt=\"\" width=\"500\" height=\"750\" srcset=\"https:\/\/nvgf.dk\/wp-content\/uploads\/DSC_0556.jpg 500w, https:\/\/nvgf.dk\/wp-content\/uploads\/DSC_0556-112x168.jpg 112w, https:\/\/nvgf.dk\/wp-content\/uploads\/DSC_0556-134x201.jpg 134w, https:\/\/nvgf.dk\/wp-content\/uploads\/DSC_0556-100x150.jpg 100w, https:\/\/nvgf.dk\/wp-content\/uploads\/DSC_0556-400x600.jpg 400w\" sizes=\"auto, (max-width: 500px) 100vw, 500px\" \/><\/a><\/h6>\n<\/div>\n ","protected":false},"excerpt":{"rendered":"<p>Kloakseparering (Senest opdateret 07.05.2025) Baggrund Vejene i N\u00f8rrevangskvarteret fik i 2012 lavet kloakseparering, dvs. overfladevand og spildevand blev delt i to separate systemer. Kvarteret havde i perioden fra 2006 og til 2011 i forbindelse med kraftig regn og skybrud v\u00e6ret &hellip; <a href=\"https:\/\/nvgf.dk\/?page_id=6905\">L\u00e6s resten <span class=\"meta-nav\">&rarr;<\/span><\/a><\/p>\n","protected":false},"author":1,"featured_media":0,"parent":0,"menu_order":4,"comment_status":"closed","ping_status":"closed","template":"","meta":{"footnotes":"","_wp_rev_ctl_limit":"1"},"class_list":["post-6905","page","type-page","status-publish","hentry"],"_links":{"self":[{"href":"https:\/\/nvgf.dk\/index.php?rest_route=\/wp\/v2\/pages\/6905","targetHints":{"allow":["GET"]}}],"collection":[{"href":"https:\/\/nvgf.dk\/index.php?rest_route=\/wp\/v2\/pages"}],"about":[{"href":"https:\/\/nvgf.dk\/index.php?rest_route=\/wp\/v2\/types\/page"}],"author":[{"embeddable":true,"href":"https:\/\/nvgf.dk\/index.php?rest_route=\/wp\/v2\/users\/1"}],"replies":[{"embeddable":true,"href":"https:\/\/nvgf.dk\/index.php?rest_route=%2Fwp%2Fv2%2Fcomments&post=6905"}],"version-history":[{"count":1,"href":"https:\/\/nvgf.dk\/index.php?rest_route=\/wp\/v2\/pages\/6905\/revisions"}],"predecessor-version":[{"id":9618,"href":"https:\/\/nvgf.dk\/index.php?rest_route=\/wp\/v2\/pages\/6905\/revisions\/9618"}],"wp:attachment":[{"href":"https:\/\/nvgf.dk\/index.php?rest_route=%2Fwp%2Fv2%2Fmedia&parent=6905"}],"curies":[{"name":"wp","href":"https:\/\/api.w.org\/{rel}","templated":true}]}}