{"id":8482,"date":"2026-03-30T16:17:39","date_gmt":"2026-03-30T14:17:39","guid":{"rendered":"https:\/\/nvgf.dk\/?page_id=8482"},"modified":"2026-04-07T23:13:01","modified_gmt":"2026-04-07T21:13:01","slug":"den-groennne-ring","status":"publish","type":"page","link":"https:\/\/nvgf.dk\/?page_id=8482","title":{"rendered":"Den gr\u00f8nnne ring"},"content":{"rendered":"<table style=\"width: 100%; margin-left: 0%; margin-right: 0%; margin-top: 0em; border: #ADD8E6 0px solid;\" border=\"0\" frame=\"0\" cellspacing=\"5\" cellpadding=\"5\">\n<colgroup>\n<col style=\"width: 12.5%;\" \/>\n<col style=\"width: 12.5%;\" \/>\n<col style=\"width: 12.5%;\" \/>\n<col style=\"width: 12.5%;\" \/>\n<col style=\"width: 12.5%;\" \/>\n<col style=\"width: 12.5%;\" \/>\n<col style=\"width: 12.5%;\" \/>\n<col style=\"width: 12.5%;\" \/> <\/colgroup>\n<tbody>\n<tr valign=\"center\">\n<td style=\"border: #800000 1px solid; background-color: #fcce3f; text-align: center; font-family: verdana,geneva; font-size: 14pt; color: #800000;\" colspan=\"8\"><strong>Den gr\u00f8nne ring<\/strong><\/td>\n<\/tr>\n<tr valign=\"top\">\n<td style=\"border: 0px solid;\" colspan=\"8\">\n<h6 style=\"text-align: justify; font-family: verdana,geneva; margin: 1em 10px 1em 10px;\"><em>(Senest opdateret 30.03.2026)<\/em><\/h6>\n<\/td>\n<\/tr>\n<tr valign=\"top\">\n<td style=\"border: 0px solid;\" colspan=\"8\">\n<p style=\"text-align: justify;\"><a href=\"https:\/\/nvgf.dk\/wp-content\/uploads\/2026\/03\/IMG_7988-scaled.jpeg\"><img loading=\"lazy\" decoding=\"async\" class=\"alignleft size-medium wp-image-8539\" src=\"https:\/\/nvgf.dk\/wp-content\/uploads\/2026\/03\/IMG_7988-240x135.jpeg\" alt=\"\" width=\"240\" height=\"135\" srcset=\"https:\/\/nvgf.dk\/wp-content\/uploads\/2026\/03\/IMG_7988-240x135.jpeg 240w, https:\/\/nvgf.dk\/wp-content\/uploads\/2026\/03\/IMG_7988-1024x576.jpeg 1024w, https:\/\/nvgf.dk\/wp-content\/uploads\/2026\/03\/IMG_7988-170x96.jpeg 170w, https:\/\/nvgf.dk\/wp-content\/uploads\/2026\/03\/IMG_7988-768x432.jpeg 768w, https:\/\/nvgf.dk\/wp-content\/uploads\/2026\/03\/IMG_7988-1536x864.jpeg 1536w, https:\/\/nvgf.dk\/wp-content\/uploads\/2026\/03\/IMG_7988-2048x1152.jpeg 2048w\" sizes=\"auto, (max-width: 240px) 100vw, 240px\" \/><\/a>Den Gr\u00f8nne Ring er en cykel- og vandresti p\u00e5 n\u00e6sten 8 km uden om R\u00f8nne. Den starter i krydset mellem L\u00e6rkevej og Haslevej og g\u00e5r bl.a. forbi Kaolingraven og Snorrebakkes\u00f8en, bag om industrikvarteret og gennem R\u00f8nne Plantage til Onsb\u00e6k.<\/p>\n<p style=\"text-align: justify;\"><a href=\"https:\/\/nvgf.dk\/wp-content\/uploads\/2026\/03\/IMG_7975-scaled.jpeg\"><img loading=\"lazy\" decoding=\"async\" class=\"alignleft size-medium wp-image-8530\" src=\"https:\/\/nvgf.dk\/wp-content\/uploads\/2026\/03\/IMG_7975-135x240.jpeg\" alt=\"\" width=\"135\" height=\"240\" srcset=\"https:\/\/nvgf.dk\/wp-content\/uploads\/2026\/03\/IMG_7975-135x240.jpeg 135w, https:\/\/nvgf.dk\/wp-content\/uploads\/2026\/03\/IMG_7975-576x1024.jpeg 576w, https:\/\/nvgf.dk\/wp-content\/uploads\/2026\/03\/IMG_7975-96x170.jpeg 96w, https:\/\/nvgf.dk\/wp-content\/uploads\/2026\/03\/IMG_7975-768x1365.jpeg 768w, https:\/\/nvgf.dk\/wp-content\/uploads\/2026\/03\/IMG_7975-864x1536.jpeg 864w, https:\/\/nvgf.dk\/wp-content\/uploads\/2026\/03\/IMG_7975-1152x2048.jpeg 1152w, https:\/\/nvgf.dk\/wp-content\/uploads\/2026\/03\/IMG_7975-scaled.jpeg 1440w\" sizes=\"auto, (max-width: 135px) 100vw, 135px\" \/><\/a><a href=\"https:\/\/nvgf.dk\/wp-content\/uploads\/2026\/03\/IMG_7976-scaled.jpeg\"><img loading=\"lazy\" decoding=\"async\" class=\"alignright size-medium wp-image-8531\" src=\"https:\/\/nvgf.dk\/wp-content\/uploads\/2026\/03\/IMG_7976-135x240.jpeg\" alt=\"\" width=\"135\" height=\"240\" srcset=\"https:\/\/nvgf.dk\/wp-content\/uploads\/2026\/03\/IMG_7976-135x240.jpeg 135w, https:\/\/nvgf.dk\/wp-content\/uploads\/2026\/03\/IMG_7976-576x1024.jpeg 576w, https:\/\/nvgf.dk\/wp-content\/uploads\/2026\/03\/IMG_7976-96x170.jpeg 96w, https:\/\/nvgf.dk\/wp-content\/uploads\/2026\/03\/IMG_7976-768x1365.jpeg 768w, https:\/\/nvgf.dk\/wp-content\/uploads\/2026\/03\/IMG_7976-864x1536.jpeg 864w, https:\/\/nvgf.dk\/wp-content\/uploads\/2026\/03\/IMG_7976-1152x2048.jpeg 1152w, https:\/\/nvgf.dk\/wp-content\/uploads\/2026\/03\/IMG_7976-scaled.jpeg 1440w\" sizes=\"auto, (max-width: 135px) 100vw, 135px\" \/><\/a>Man kan se og l\u00e6se om ruten p\u00e5 udinaturen.dk eller bare klikke p\u00e5 dette link: <a href=\"https:\/\/udinaturen.dk\/rute\/vandrerute\/?routeid=926f2efb-f128-493c-8fbd-bbed54c13fd7\" target=\"_blank\" rel=\"noopener\">Den Gr\u00f8nne Ring<\/a>. I forhold til ruten p\u00e5 kortet p\u00e5 udinaturen.dk er det m\u00e5ske en id\u00e9, at man i starten over for L\u00e6rkevej ikke g\u00e5r ned ad Nordre Ringvej, men i stedet for g\u00e5r gennem bommene og ned ad Tj\u00f8rnevej! N\u00e5r man s\u00e5 kommer til Christians Plads, g\u00e5r man hen imod kaserneomr\u00e5det og finder Markvejen, hvor Den gr\u00f8nne Ring s\u00e5 starter for alvor.<\/p>\n<p style=\"text-align: justify;\">Denne gr\u00f8nne Ring er markeret med skilte p\u00e5 sm\u00e5 stolper. Skiltene har hvide cirkler med en gr\u00f8n baggrund samt eventuelle retningspile.\n<\/p>\n<p style=\"text-align: justify;\"><a href=\"https:\/\/nvgf.dk\/wp-content\/uploads\/2026\/03\/IMG_7977-scaled.jpeg\"><img loading=\"lazy\" decoding=\"async\" class=\"alignleft size-medium wp-image-8532\" src=\"https:\/\/nvgf.dk\/wp-content\/uploads\/2026\/03\/IMG_7977-135x240.jpeg\" alt=\"\" width=\"135\" height=\"240\" srcset=\"https:\/\/nvgf.dk\/wp-content\/uploads\/2026\/03\/IMG_7977-135x240.jpeg 135w, https:\/\/nvgf.dk\/wp-content\/uploads\/2026\/03\/IMG_7977-576x1024.jpeg 576w, https:\/\/nvgf.dk\/wp-content\/uploads\/2026\/03\/IMG_7977-96x170.jpeg 96w, https:\/\/nvgf.dk\/wp-content\/uploads\/2026\/03\/IMG_7977-768x1365.jpeg 768w, https:\/\/nvgf.dk\/wp-content\/uploads\/2026\/03\/IMG_7977-864x1536.jpeg 864w, https:\/\/nvgf.dk\/wp-content\/uploads\/2026\/03\/IMG_7977-1152x2048.jpeg 1152w, https:\/\/nvgf.dk\/wp-content\/uploads\/2026\/03\/IMG_7977-scaled.jpeg 1440w\" sizes=\"auto, (max-width: 135px) 100vw, 135px\" \/><\/a><\/p>\n<p style=\"text-align: justify;\"><a href=\"https:\/\/nvgf.dk\/wp-content\/uploads\/2026\/03\/IMG_7980-scaled.jpeg\"><img loading=\"lazy\" decoding=\"async\" class=\"alignright size-medium wp-image-8534\" src=\"https:\/\/nvgf.dk\/wp-content\/uploads\/2026\/03\/IMG_7980-135x240.jpeg\" alt=\"\" width=\"135\" height=\"240\" srcset=\"https:\/\/nvgf.dk\/wp-content\/uploads\/2026\/03\/IMG_7980-135x240.jpeg 135w, https:\/\/nvgf.dk\/wp-content\/uploads\/2026\/03\/IMG_7980-576x1024.jpeg 576w, https:\/\/nvgf.dk\/wp-content\/uploads\/2026\/03\/IMG_7980-96x170.jpeg 96w, https:\/\/nvgf.dk\/wp-content\/uploads\/2026\/03\/IMG_7980-768x1365.jpeg 768w, https:\/\/nvgf.dk\/wp-content\/uploads\/2026\/03\/IMG_7980-864x1536.jpeg 864w, https:\/\/nvgf.dk\/wp-content\/uploads\/2026\/03\/IMG_7980-1152x2048.jpeg 1152w, https:\/\/nvgf.dk\/wp-content\/uploads\/2026\/03\/IMG_7980-scaled.jpeg 1440w\" sizes=\"auto, (max-width: 135px) 100vw, 135px\" \/><\/a>N\u00e5r man har g\u00e5et turen, er det jo ikke sikkert, at man orker at g\u00e5 hele turen tilbage igen eller g\u00e5 hjem gennem byen. Et alternativ kunne v\u00e6re at smutte med BAT&#8217;s bybuslinje 22C fra stoppestedet p\u00e5 Strandvejen over for Fredensborg Badehotel tilbage til Nordre Ringvej ved Blykobbevej. Bussen afg\u00e5r fra Strandvejen 8:39, 10:39, 12:39, 14:39, 16:39 og 18:39, og turen tager ca. et kvarter.<\/p>\n<p style=\"text-align: justify;\">Billederne herunder stammer fra den nordlige ende af Den gr\u00f8nne Ring og ned til Kaolins\u00f8en. Ved den mindste af kaolins\u00f8erne kan man se rester af det gamle Tornev\u00e6rk, ligesom der i ly af de h\u00f8je skr\u00e6nter er en rigtig fin, delvist overd\u00e6kket b\u00e5l- og rasteplads. For mountainbikere er der en lille, s\u00e6rlig bakket afstikker kaldet Pumptrack. De sidste to billeder er fra den store Kaolins\u00f8.<\/p>\n<\/td>\n<\/tr>\n<tr valign=\"top\">\n<td style=\"border: 0px solid;\" colspan=\"4\"><a href=\"https:\/\/nvgf.dk\/wp-content\/uploads\/2026\/03\/IMG_7983-scaled.jpeg\"><img loading=\"lazy\" decoding=\"async\" class=\"aligncenter size-medium wp-image-8536\" src=\"https:\/\/nvgf.dk\/wp-content\/uploads\/2026\/03\/IMG_7983-240x135.jpeg\" alt=\"\" width=\"240\" height=\"135\" srcset=\"https:\/\/nvgf.dk\/wp-content\/uploads\/2026\/03\/IMG_7983-240x135.jpeg 240w, https:\/\/nvgf.dk\/wp-content\/uploads\/2026\/03\/IMG_7983-1024x576.jpeg 1024w, https:\/\/nvgf.dk\/wp-content\/uploads\/2026\/03\/IMG_7983-170x96.jpeg 170w, https:\/\/nvgf.dk\/wp-content\/uploads\/2026\/03\/IMG_7983-768x432.jpeg 768w, https:\/\/nvgf.dk\/wp-content\/uploads\/2026\/03\/IMG_7983-1536x864.jpeg 1536w, https:\/\/nvgf.dk\/wp-content\/uploads\/2026\/03\/IMG_7983-2048x1152.jpeg 2048w\" sizes=\"auto, (max-width: 240px) 100vw, 240px\" \/><\/a><\/td>\n<td style=\"border: 0px solid;\" colspan=\"4\"><a href=\"https:\/\/nvgf.dk\/wp-content\/uploads\/2026\/03\/IMG_7981-scaled.jpeg\"><img loading=\"lazy\" decoding=\"async\" class=\"aligncenter size-medium wp-image-8535\" src=\"https:\/\/nvgf.dk\/wp-content\/uploads\/2026\/03\/IMG_7981-240x135.jpeg\" alt=\"\" width=\"240\" height=\"135\" srcset=\"https:\/\/nvgf.dk\/wp-content\/uploads\/2026\/03\/IMG_7981-240x135.jpeg 240w, https:\/\/nvgf.dk\/wp-content\/uploads\/2026\/03\/IMG_7981-1024x576.jpeg 1024w, https:\/\/nvgf.dk\/wp-content\/uploads\/2026\/03\/IMG_7981-170x96.jpeg 170w, https:\/\/nvgf.dk\/wp-content\/uploads\/2026\/03\/IMG_7981-768x432.jpeg 768w, https:\/\/nvgf.dk\/wp-content\/uploads\/2026\/03\/IMG_7981-1536x864.jpeg 1536w, https:\/\/nvgf.dk\/wp-content\/uploads\/2026\/03\/IMG_7981-2048x1152.jpeg 2048w\" sizes=\"auto, (max-width: 240px) 100vw, 240px\" \/><\/a><\/td>\n<\/tr>\n<tr valign=\"top\">\n<td style=\"border: 0px solid;\" colspan=\"4\"><a href=\"https:\/\/nvgf.dk\/wp-content\/uploads\/2026\/03\/IMG_7984-scaled.jpeg\"><img loading=\"lazy\" decoding=\"async\" class=\"aligncenter size-medium wp-image-8537\" src=\"https:\/\/nvgf.dk\/wp-content\/uploads\/2026\/03\/IMG_7984-240x135.jpeg\" alt=\"\" width=\"240\" height=\"135\" srcset=\"https:\/\/nvgf.dk\/wp-content\/uploads\/2026\/03\/IMG_7984-240x135.jpeg 240w, https:\/\/nvgf.dk\/wp-content\/uploads\/2026\/03\/IMG_7984-1024x576.jpeg 1024w, https:\/\/nvgf.dk\/wp-content\/uploads\/2026\/03\/IMG_7984-170x96.jpeg 170w, https:\/\/nvgf.dk\/wp-content\/uploads\/2026\/03\/IMG_7984-768x432.jpeg 768w, https:\/\/nvgf.dk\/wp-content\/uploads\/2026\/03\/IMG_7984-1536x864.jpeg 1536w, https:\/\/nvgf.dk\/wp-content\/uploads\/2026\/03\/IMG_7984-2048x1152.jpeg 2048w\" sizes=\"auto, (max-width: 240px) 100vw, 240px\" \/><\/a><\/td>\n<td style=\"border: 0px solid;\" colspan=\"4\"><a href=\"https:\/\/nvgf.dk\/wp-content\/uploads\/2026\/03\/IMG_7985-scaled.jpeg\"><img loading=\"lazy\" decoding=\"async\" class=\"aligncenter size-medium wp-image-8538\" src=\"https:\/\/nvgf.dk\/wp-content\/uploads\/2026\/03\/IMG_7985-240x135.jpeg\" alt=\"\" width=\"240\" height=\"135\" srcset=\"https:\/\/nvgf.dk\/wp-content\/uploads\/2026\/03\/IMG_7985-240x135.jpeg 240w, https:\/\/nvgf.dk\/wp-content\/uploads\/2026\/03\/IMG_7985-1024x576.jpeg 1024w, https:\/\/nvgf.dk\/wp-content\/uploads\/2026\/03\/IMG_7985-170x96.jpeg 170w, https:\/\/nvgf.dk\/wp-content\/uploads\/2026\/03\/IMG_7985-768x432.jpeg 768w, https:\/\/nvgf.dk\/wp-content\/uploads\/2026\/03\/IMG_7985-1536x864.jpeg 1536w, https:\/\/nvgf.dk\/wp-content\/uploads\/2026\/03\/IMG_7985-2048x1152.jpeg 2048w\" sizes=\"auto, (max-width: 240px) 100vw, 240px\" \/><\/a><\/td>\n<\/tr>\n<tr valign=\"top\">\n<td style=\"border: 0px solid;\" colspan=\"4\"><a href=\"https:\/\/nvgf.dk\/wp-content\/uploads\/2026\/03\/IMG_7990-scaled.jpeg\"><img loading=\"lazy\" decoding=\"async\" class=\"aligncenter size-medium wp-image-8540\" src=\"https:\/\/nvgf.dk\/wp-content\/uploads\/2026\/03\/IMG_7990-240x135.jpeg\" alt=\"\" width=\"240\" height=\"135\" srcset=\"https:\/\/nvgf.dk\/wp-content\/uploads\/2026\/03\/IMG_7990-240x135.jpeg 240w, https:\/\/nvgf.dk\/wp-content\/uploads\/2026\/03\/IMG_7990-1024x576.jpeg 1024w, https:\/\/nvgf.dk\/wp-content\/uploads\/2026\/03\/IMG_7990-170x96.jpeg 170w, https:\/\/nvgf.dk\/wp-content\/uploads\/2026\/03\/IMG_7990-768x432.jpeg 768w, https:\/\/nvgf.dk\/wp-content\/uploads\/2026\/03\/IMG_7990-1536x864.jpeg 1536w, https:\/\/nvgf.dk\/wp-content\/uploads\/2026\/03\/IMG_7990-2048x1152.jpeg 2048w\" sizes=\"auto, (max-width: 240px) 100vw, 240px\" \/><\/a><\/td>\n<td style=\"border: 0px solid;\" colspan=\"4\"><a href=\"https:\/\/nvgf.dk\/wp-content\/uploads\/2026\/03\/IMG_7992-scaled.jpeg\"><img loading=\"lazy\" decoding=\"async\" class=\"aligncenter size-medium wp-image-8541\" src=\"https:\/\/nvgf.dk\/wp-content\/uploads\/2026\/03\/IMG_7992-240x135.jpeg\" alt=\"\" width=\"240\" height=\"135\" srcset=\"https:\/\/nvgf.dk\/wp-content\/uploads\/2026\/03\/IMG_7992-240x135.jpeg 240w, https:\/\/nvgf.dk\/wp-content\/uploads\/2026\/03\/IMG_7992-1024x576.jpeg 1024w, https:\/\/nvgf.dk\/wp-content\/uploads\/2026\/03\/IMG_7992-170x96.jpeg 170w, https:\/\/nvgf.dk\/wp-content\/uploads\/2026\/03\/IMG_7992-768x432.jpeg 768w, https:\/\/nvgf.dk\/wp-content\/uploads\/2026\/03\/IMG_7992-1536x864.jpeg 1536w, https:\/\/nvgf.dk\/wp-content\/uploads\/2026\/03\/IMG_7992-2048x1152.jpeg 2048w\" sizes=\"auto, (max-width: 240px) 100vw, 240px\" \/><\/a><\/td>\n<\/tr>\n<\/tbody>\n<\/table>\n<p style=\"text-align: justify; font-size: 9pt;\"><em><a href=\"https:\/\/nvgf.dk\/?page_id=7291\">Tilbage til Rekreativt<\/a><\/em><\/p>\n ","protected":false},"excerpt":{"rendered":"<p>Den gr\u00f8nne ring (Senest opdateret 30.03.2026) Den Gr\u00f8nne Ring er en cykel- og vandresti p\u00e5 n\u00e6sten 8 km uden om R\u00f8nne. Den starter i krydset mellem L\u00e6rkevej og Haslevej og g\u00e5r bl.a. forbi Kaolingraven og Snorrebakkes\u00f8en, bag om industrikvarteret og &hellip; <a href=\"https:\/\/nvgf.dk\/?page_id=8482\">L\u00e6s resten <span class=\"meta-nav\">&rarr;<\/span><\/a><\/p>\n","protected":false},"author":1,"featured_media":0,"parent":0,"menu_order":0,"comment_status":"closed","ping_status":"closed","template":"","meta":{"footnotes":"","_wp_rev_ctl_limit":"1"},"class_list":["post-8482","page","type-page","status-publish","hentry"],"_links":{"self":[{"href":"https:\/\/nvgf.dk\/index.php?rest_route=\/wp\/v2\/pages\/8482","targetHints":{"allow":["GET"]}}],"collection":[{"href":"https:\/\/nvgf.dk\/index.php?rest_route=\/wp\/v2\/pages"}],"about":[{"href":"https:\/\/nvgf.dk\/index.php?rest_route=\/wp\/v2\/types\/page"}],"author":[{"embeddable":true,"href":"https:\/\/nvgf.dk\/index.php?rest_route=\/wp\/v2\/users\/1"}],"replies":[{"embeddable":true,"href":"https:\/\/nvgf.dk\/index.php?rest_route=%2Fwp%2Fv2%2Fcomments&post=8482"}],"version-history":[{"count":1,"href":"https:\/\/nvgf.dk\/index.php?rest_route=\/wp\/v2\/pages\/8482\/revisions"}],"predecessor-version":[{"id":9405,"href":"https:\/\/nvgf.dk\/index.php?rest_route=\/wp\/v2\/pages\/8482\/revisions\/9405"}],"wp:attachment":[{"href":"https:\/\/nvgf.dk\/index.php?rest_route=%2Fwp%2Fv2%2Fmedia&parent=8482"}],"curies":[{"name":"wp","href":"https:\/\/api.w.org\/{rel}","templated":true}]}}